{"id":1297,"date":"2025-12-03T10:48:10","date_gmt":"2025-12-03T08:48:10","guid":{"rendered":"https:\/\/www.kentek.fi\/products\/brands\/atex-premium-exhaust-gas-and-piping-systems-with-over-40-years-of-experience\/"},"modified":"2026-01-14T13:32:14","modified_gmt":"2026-01-14T11:32:14","slug":"atex-premium-exhaust-gas-and-piping-systems-with-over-40-years-of-experience","status":"publish","type":"page","link":"https:\/\/www.kentek.fi\/en\/products\/brands\/atex-premium-exhaust-gas-and-piping-systems-with-over-40-years-of-experience\/","title":{"rendered":"ATEX &#8211; Premium exhaust gas and piping systems with over 40 years of experience<br>"},"content":{"rendered":"\n<p>ATEX on puolalainen yritys, jolla on yli 40 vuoden kokemus pakoputkistojen, ilman- ja vesij\u00e4rjestelmien sek\u00e4 hydrauliputkistojen suunnittelusta ja valmistuksesta.<\/p>\n\n\n\n<p>Yritys tunnetaan erityisesti vaativiin olosuhteisiin suunnitelluista ratkaisuista, joita k\u00e4ytet\u00e4\u00e4n teollisuuden, kuljetusalan ja energiasektorin sovelluksissa. Yritys valmistaa muun muassa pakokaasuj\u00e4rjestelmi\u00e4, paineputkistoja, erikoisventtiilej\u00e4 ja komponentteja, jotka kest\u00e4v\u00e4t korkeita l\u00e4mp\u00f6tiloja, suuria paineita sek\u00e4 korroosiota.<\/p>\n\n\n\n<h2 class=\"wp-block-heading\"><strong>ISO-sertifioitu laatu- ja ymp\u00e4rist\u00f6vastuu<\/strong><\/h2>\n\n\n\n<p>ATEXin toimintaa ohjaa ISO 9001 -standardin mukainen laadunhallintaj\u00e4rjestelm\u00e4, joka varmistaa, ett\u00e4 jokainen tuote t\u00e4ytt\u00e4\u00e4 tarkat kansainv\u00e4liset laatuvaatimukset. Sertifioinnin periaatteet n\u00e4kyv\u00e4t yrityksen jokap\u00e4iv\u00e4isess\u00e4 ty\u00f6ss\u00e4: suunnittelu perustuu tarkkaan dokumentointiin, tuotannossa hy\u00f6dynnet\u00e4\u00e4n CNC-koneistusta, laserleikkausta ja 3D-teknologiaa, ja jokainen komponentti testataan ennen toimitusta.<\/p>\n\n\n\n<p>Lis\u00e4ksi toiminta perustuu ISO 14001 -ymp\u00e4rist\u00f6johtamisj\u00e4rjestelm\u00e4\u00e4n, joka ohjaa yrityksen tuotantoa kohti vastuullisempia ja ymp\u00e4rist\u00f6yst\u00e4v\u00e4llisempi\u00e4 ratkaisuja. Sertifioinnin my\u00f6t\u00e4 ATEX sitoutuu k\u00e4ytt\u00e4m\u00e4\u00e4n materiaaleja tehokkaasti, v\u00e4hent\u00e4m\u00e4\u00e4n tuotannon ymp\u00e4rist\u00f6vaikutuksia sek\u00e4 minimoimaan energiankulutusta koko valmistusketjussa.<\/p>\n\n\n\n<h2 class=\"wp-block-heading\"><strong>L\u00f6yd\u00e4 oikea ATEX tarpeisiisi Kentekin laajasta valikoimasta<\/strong><\/h2>\n\n\n\n<p>Katso kaikki ATEX-tuotteet <a href=\"https:\/\/www.kentek.fi\/en\/product-search\/?productsearch=atex\">t\u00e4\u00e4lt\u00e4<\/a>. Olemme yksinoikeudella ATEXin edustaja Suomessa. <\/p>\n\n\n\n<p>Henkil\u00f6kuntamme auttaa oikean suodattimen valinnassa, sek\u00e4 muissa kysymyksiss\u00e4! Yhteystietomme l\u00f6yd\u00e4t <a href=\"https:\/\/www.kentek.fi\/en\/contact\/\">t\u00e4\u00e4lt\u00e4<\/a>.<\/p>\n\n\n\n<p><\/p>\n","protected":false},"excerpt":{"rendered":"<p>ATEX on puolalainen yritys, jolla on yli 40 vuoden kokemus pakoputkistojen, ilman- ja vesij\u00e4rjestelmien sek\u00e4 hydrauliputkistojen suunnittelusta ja valmistuksesta. Yritys tunnetaan erityisesti vaativiin olosuhteisiin suunnitelluista ratkaisuista, joita k\u00e4ytet\u00e4\u00e4n teollisuuden, kuljetusalan ja energiasektorin sovelluksissa. Yritys valmistaa muun muassa pakokaasuj\u00e4rjestelmi\u00e4, paineputkistoja, erikoisventtiilej\u00e4 ja komponentteja, jotka kest\u00e4v\u00e4t korkeita l\u00e4mp\u00f6tiloja, suuria paineita sek\u00e4 korroosiota. ISO-sertifioitu laatu- ja ymp\u00e4rist\u00f6vastuu ATEXin [&hellip;]<\/p>\n","protected":false},"author":7,"featured_media":1228,"parent":1289,"menu_order":0,"comment_status":"closed","ping_status":"closed","template":"page_products.php","meta":{"_acf_changed":false,"footnotes":""},"class_list":["post-1297","page","type-page","status-publish","has-post-thumbnail","hentry"],"acf":[],"yoast_head":"<!-- This site is optimized with the Yoast SEO plugin v26.3 - https:\/\/yoast.com\/wordpress\/plugins\/seo\/ -->\n<title>ATEX - Premium exhaust gas and piping systems with over 40 years of experience - Kentek<\/title>\n<meta name=\"description\" content=\"Kentek has a wide range of ATEX exhaust pipes, air and water systems and hydraulic piping.\" \/>\n<meta name=\"robots\" content=\"index, follow, max-snippet:-1, max-image-preview:large, max-video-preview:-1\" \/>\n<link rel=\"canonical\" href=\"https:\/\/www.kentek.fi\/en\/products\/brands\/atex-premium-exhaust-gas-and-piping-systems-with-over-40-years-of-experience\/\" \/>\n<meta property=\"og:locale\" content=\"en_US\" \/>\n<meta property=\"og:type\" content=\"article\" \/>\n<meta property=\"og:title\" content=\"ATEX - Premium exhaust gas and piping systems with over 40 years of experience - Kentek\" \/>\n<meta property=\"og:description\" content=\"Kentek has a wide range of ATEX exhaust pipes, air and water systems and hydraulic piping.\" \/>\n<meta property=\"og:url\" content=\"https:\/\/www.kentek.fi\/en\/products\/brands\/atex-premium-exhaust-gas-and-piping-systems-with-over-40-years-of-experience\/\" \/>\n<meta property=\"og:site_name\" content=\"Kentek\" \/>\n<meta property=\"article:modified_time\" content=\"2026-01-14T11:32:14+00:00\" \/>\n<meta property=\"og:image\" content=\"https:\/\/www.kentek.fi\/app\/uploads\/2025\/12\/atex.png\" \/>\n\t<meta property=\"og:image:width\" content=\"1200\" \/>\n\t<meta property=\"og:image:height\" content=\"800\" \/>\n\t<meta property=\"og:image:type\" content=\"image\/png\" \/>\n<meta name=\"twitter:card\" content=\"summary_large_image\" \/>\n<meta name=\"twitter:label1\" content=\"Est. reading time\" \/>\n\t<meta name=\"twitter:data1\" content=\"1 minute\" \/>\n<script type=\"application\/ld+json\" class=\"yoast-schema-graph\">{\"@context\":\"https:\/\/schema.org\",\"@graph\":[{\"@type\":\"WebPage\",\"@id\":\"https:\/\/www.kentek.fi\/en\/products\/brands\/atex-premium-exhaust-gas-and-piping-systems-with-over-40-years-of-experience\/\",\"url\":\"https:\/\/www.kentek.fi\/en\/products\/brands\/atex-premium-exhaust-gas-and-piping-systems-with-over-40-years-of-experience\/\",\"name\":\"ATEX - Premium exhaust gas and piping systems with over 40 years of experience - Kentek\",\"isPartOf\":{\"@id\":\"https:\/\/www.kentek.fi\/en\/#website\"},\"primaryImageOfPage\":{\"@id\":\"https:\/\/www.kentek.fi\/en\/products\/brands\/atex-premium-exhaust-gas-and-piping-systems-with-over-40-years-of-experience\/#primaryimage\"},\"image\":{\"@id\":\"https:\/\/www.kentek.fi\/en\/products\/brands\/atex-premium-exhaust-gas-and-piping-systems-with-over-40-years-of-experience\/#primaryimage\"},\"thumbnailUrl\":\"https:\/\/www.kentek.fi\/app\/uploads\/2025\/12\/atex.png\",\"datePublished\":\"2025-12-03T08:48:10+00:00\",\"dateModified\":\"2026-01-14T11:32:14+00:00\",\"description\":\"Kentek has a wide range of ATEX exhaust pipes, air and water systems and hydraulic piping.\",\"breadcrumb\":{\"@id\":\"https:\/\/www.kentek.fi\/en\/products\/brands\/atex-premium-exhaust-gas-and-piping-systems-with-over-40-years-of-experience\/#breadcrumb\"},\"inLanguage\":\"en-US\",\"potentialAction\":[{\"@type\":\"ReadAction\",\"target\":[\"https:\/\/www.kentek.fi\/en\/products\/brands\/atex-premium-exhaust-gas-and-piping-systems-with-over-40-years-of-experience\/\"]}]},{\"@type\":\"ImageObject\",\"inLanguage\":\"en-US\",\"@id\":\"https:\/\/www.kentek.fi\/en\/products\/brands\/atex-premium-exhaust-gas-and-piping-systems-with-over-40-years-of-experience\/#primaryimage\",\"url\":\"https:\/\/www.kentek.fi\/app\/uploads\/2025\/12\/atex.png\",\"contentUrl\":\"https:\/\/www.kentek.fi\/app\/uploads\/2025\/12\/atex.png\",\"width\":1200,\"height\":800},{\"@type\":\"BreadcrumbList\",\"@id\":\"https:\/\/www.kentek.fi\/en\/products\/brands\/atex-premium-exhaust-gas-and-piping-systems-with-over-40-years-of-experience\/#breadcrumb\",\"itemListElement\":[{\"@type\":\"ListItem\",\"position\":1,\"name\":\"Home\",\"item\":\"https:\/\/www.kentek.fi\/en\/?page_id=602\"},{\"@type\":\"ListItem\",\"position\":2,\"name\":\"Products\",\"item\":\"https:\/\/www.kentek.fi\/en\/?page_id=620\"},{\"@type\":\"ListItem\",\"position\":3,\"name\":\"Brands\",\"item\":\"https:\/\/www.kentek.fi\/en\/products\/brands\/\"},{\"@type\":\"ListItem\",\"position\":4,\"name\":\"ATEX &#8211; Premium exhaust gas and piping systems with over 40 years of experience\"}]},{\"@type\":\"WebSite\",\"@id\":\"https:\/\/www.kentek.fi\/en\/#website\",\"url\":\"https:\/\/www.kentek.fi\/en\/\",\"name\":\"Kentek\",\"description\":\"\",\"potentialAction\":[{\"@type\":\"SearchAction\",\"target\":{\"@type\":\"EntryPoint\",\"urlTemplate\":\"https:\/\/www.kentek.fi\/en\/?s={search_term_string}\"},\"query-input\":{\"@type\":\"PropertyValueSpecification\",\"valueRequired\":true,\"valueName\":\"search_term_string\"}}],\"inLanguage\":\"en-US\"}]}<\/script>\n<!-- \/ Yoast SEO plugin. -->","yoast_head_json":{"title":"ATEX - Premium exhaust gas and piping systems with over 40 years of experience - Kentek","description":"Kentek has a wide range of ATEX exhaust pipes, air and water systems and hydraulic piping.","robots":{"index":"index","follow":"follow","max-snippet":"max-snippet:-1","max-image-preview":"max-image-preview:large","max-video-preview":"max-video-preview:-1"},"canonical":"https:\/\/www.kentek.fi\/en\/products\/brands\/atex-premium-exhaust-gas-and-piping-systems-with-over-40-years-of-experience\/","og_locale":"en_US","og_type":"article","og_title":"ATEX - Premium exhaust gas and piping systems with over 40 years of experience - Kentek","og_description":"Kentek has a wide range of ATEX exhaust pipes, air and water systems and hydraulic piping.","og_url":"https:\/\/www.kentek.fi\/en\/products\/brands\/atex-premium-exhaust-gas-and-piping-systems-with-over-40-years-of-experience\/","og_site_name":"Kentek","article_modified_time":"2026-01-14T11:32:14+00:00","og_image":[{"width":1200,"height":800,"url":"https:\/\/www.kentek.fi\/app\/uploads\/2025\/12\/atex.png","type":"image\/png"}],"twitter_card":"summary_large_image","twitter_misc":{"Est. reading time":"1 minute"},"schema":{"@context":"https:\/\/schema.org","@graph":[{"@type":"WebPage","@id":"https:\/\/www.kentek.fi\/en\/products\/brands\/atex-premium-exhaust-gas-and-piping-systems-with-over-40-years-of-experience\/","url":"https:\/\/www.kentek.fi\/en\/products\/brands\/atex-premium-exhaust-gas-and-piping-systems-with-over-40-years-of-experience\/","name":"ATEX - Premium exhaust gas and piping systems with over 40 years of experience - Kentek","isPartOf":{"@id":"https:\/\/www.kentek.fi\/en\/#website"},"primaryImageOfPage":{"@id":"https:\/\/www.kentek.fi\/en\/products\/brands\/atex-premium-exhaust-gas-and-piping-systems-with-over-40-years-of-experience\/#primaryimage"},"image":{"@id":"https:\/\/www.kentek.fi\/en\/products\/brands\/atex-premium-exhaust-gas-and-piping-systems-with-over-40-years-of-experience\/#primaryimage"},"thumbnailUrl":"https:\/\/www.kentek.fi\/app\/uploads\/2025\/12\/atex.png","datePublished":"2025-12-03T08:48:10+00:00","dateModified":"2026-01-14T11:32:14+00:00","description":"Kentek has a wide range of ATEX exhaust pipes, air and water systems and hydraulic piping.","breadcrumb":{"@id":"https:\/\/www.kentek.fi\/en\/products\/brands\/atex-premium-exhaust-gas-and-piping-systems-with-over-40-years-of-experience\/#breadcrumb"},"inLanguage":"en-US","potentialAction":[{"@type":"ReadAction","target":["https:\/\/www.kentek.fi\/en\/products\/brands\/atex-premium-exhaust-gas-and-piping-systems-with-over-40-years-of-experience\/"]}]},{"@type":"ImageObject","inLanguage":"en-US","@id":"https:\/\/www.kentek.fi\/en\/products\/brands\/atex-premium-exhaust-gas-and-piping-systems-with-over-40-years-of-experience\/#primaryimage","url":"https:\/\/www.kentek.fi\/app\/uploads\/2025\/12\/atex.png","contentUrl":"https:\/\/www.kentek.fi\/app\/uploads\/2025\/12\/atex.png","width":1200,"height":800},{"@type":"BreadcrumbList","@id":"https:\/\/www.kentek.fi\/en\/products\/brands\/atex-premium-exhaust-gas-and-piping-systems-with-over-40-years-of-experience\/#breadcrumb","itemListElement":[{"@type":"ListItem","position":1,"name":"Home","item":"https:\/\/www.kentek.fi\/en\/?page_id=602"},{"@type":"ListItem","position":2,"name":"Products","item":"https:\/\/www.kentek.fi\/en\/?page_id=620"},{"@type":"ListItem","position":3,"name":"Brands","item":"https:\/\/www.kentek.fi\/en\/products\/brands\/"},{"@type":"ListItem","position":4,"name":"ATEX &#8211; Premium exhaust gas and piping systems with over 40 years of experience"}]},{"@type":"WebSite","@id":"https:\/\/www.kentek.fi\/en\/#website","url":"https:\/\/www.kentek.fi\/en\/","name":"Kentek","description":"","potentialAction":[{"@type":"SearchAction","target":{"@type":"EntryPoint","urlTemplate":"https:\/\/www.kentek.fi\/en\/?s={search_term_string}"},"query-input":{"@type":"PropertyValueSpecification","valueRequired":true,"valueName":"search_term_string"}}],"inLanguage":"en-US"}]}},"_links":{"self":[{"href":"https:\/\/www.kentek.fi\/en\/wp-json\/wp\/v2\/pages\/1297","targetHints":{"allow":["GET"]}}],"collection":[{"href":"https:\/\/www.kentek.fi\/en\/wp-json\/wp\/v2\/pages"}],"about":[{"href":"https:\/\/www.kentek.fi\/en\/wp-json\/wp\/v2\/types\/page"}],"author":[{"embeddable":true,"href":"https:\/\/www.kentek.fi\/en\/wp-json\/wp\/v2\/users\/7"}],"replies":[{"embeddable":true,"href":"https:\/\/www.kentek.fi\/en\/wp-json\/wp\/v2\/comments?post=1297"}],"version-history":[{"count":1,"href":"https:\/\/www.kentek.fi\/en\/wp-json\/wp\/v2\/pages\/1297\/revisions"}],"predecessor-version":[{"id":1298,"href":"https:\/\/www.kentek.fi\/en\/wp-json\/wp\/v2\/pages\/1297\/revisions\/1298"}],"up":[{"embeddable":true,"href":"https:\/\/www.kentek.fi\/en\/wp-json\/wp\/v2\/pages\/1289"}],"wp:featuredmedia":[{"embeddable":true,"href":"https:\/\/www.kentek.fi\/en\/wp-json\/wp\/v2\/media\/1228"}],"wp:attachment":[{"href":"https:\/\/www.kentek.fi\/en\/wp-json\/wp\/v2\/media?parent=1297"}],"curies":[{"name":"wp","href":"https:\/\/api.w.org\/{rel}","templated":true}]}}